{"id":118,"date":"2017-11-15T11:29:56","date_gmt":"2017-11-15T10:29:56","guid":{"rendered":"http:\/\/www.viama.it\/?page_id=118"},"modified":"2019-11-05T01:46:38","modified_gmt":"2019-11-05T00:46:38","slug":"chi-siamo","status":"publish","type":"page","link":"https:\/\/www.viama.it\/?page_id=118","title":{"rendered":"Chi siamo"},"content":{"rendered":"<div style=\"text-align:justify; margin-bottom:20px;\">VIAMA srl \u00e8 un WISP. WISP \u00e8 l&#8217;acronimo di Wireless Internet Service Provider, ovvero un&#8217;azienda fornitrice di servizi di accesso alla rete Internet, che ha l&#8217;ambizione di realizzare una propria infrastruttura di comunicazione in tecnologia senza fili, Wireless appunto, mediante la quale permettere ai propri abbonati di svincolarsi dai vecchi cablaggi in rame, dalle centrali di propriet\u00e0 dell&#8217;operatore monopolista TIM (ex Telecom Italia), sature, vetuste e spesso con risorse insufficienti, e di allacciarsi direttamente, ed in modo estremamente rapido, alla rete Internet.<\/div>\n<div style=\"text-align:justify; margin-bottom:20px;\">La VIAMA srl \u00e8 regolarmente iscritta alla Camera di Commercio di Napoli con R.E.A. 1022734, in possesso dell&#8217;Autorizzazione Generale per l&#8217;Offerta al Pubblico di Reti e Servizi di Comunicazione Elettroniche rilasciata dal Ministero dello Sviluppo Economico (art. 25 Codice Comunicazioni Elettroniche), ed iscritto al Registro degli Operatori di Comunicazione (R.O.C.).<\/div>\n<div style=\"text-align:justify; margin-bottom:20px;\">\nSin dal 2003, mediante altra ragione sociale, siamo stati presenti sul territorio della Regione Campania, ed in particolare nelle province di Napoli e Caserta, quale ditta specializzata in servizi Sistemistici. Sin dalle origini, abbiamo sempre creduto nella necessit\u00e0 di erogare servizi svincolandoci dalle infrastrutture tecnologiche di propriet\u00e0 dei grossi operatori, perch\u00e9 convinti di poter offrire servizi personalizzati alle esigenze dei nostri clienti, con caratteristiche superiori e grazie al supporto continuo sul territorio, poter seguire ciascun cliente meticolosamente.<\/div>\n<div style=\"text-align:justify; margin-bottom:20px;\">A partire dal 2005, abbiamo abbinato alle attivit\u00e0 sistemistiche di base, servizi di connettivit\u00e0 Internet utilizzando le piattaforme Wholesale messe a disposizione da operatori alternativi sul territorio, in tecnologie ADSL tradizionali su rame. Tuttavia, dopo pochi anni, abbiamo subito acquisito la consapevolezza di voler ottenere servizi controllabili al 100%, potendo intervenire su tutta la catena di erogazione, senza interpellare societ\u00e0 di terze parti, avendo l&#8217;ambizione della propriet\u00e0 di una rete di trasporto.<\/div>\n<div style=\"text-align:justify; margin-bottom:20px;\">Dal 2007 dunque, abbiamo iniziato le sperimentazioni Wireless utilizzando marchi pioneristici come Alvarion e Proxim, capostipiti delle trasmissioni Wireless a Larga Banda in ambienti esterni.<\/div>\n<div style=\"text-align:justify; margin-bottom:20px;\">Dal 2009, abbiamo affiancato al nostro portafoglio prodotti, servizi di telefonia in tecnologia VoIP, dotandoci di un sistema software in grado di terminare chiamate sulla rete telefonica nazionale, sfruttando operatori di terminazione di elevate capacit\u00e0.<\/div>\n<div style=\"text-align:justify; margin-bottom:20px;\">Dal 2012 in poi, abbiamo iniziato la realizzazione della nostra attuale infrastruttura di trasporto in tecnologia Wireless su bande libere, estendendo continuamente e progressivamente, la copertura del territorio, affiancando e migliorando i servizi di telefonia, offrendo servizi basati su Cloud, seguendo le tendenze del mercato.<\/div>\n<div style=\"text-align:justify; margin-bottom:20px;\">\nOggi, oltre all&#8217;espazione della copertura del territorio, mediante il marchio Connecting Peoples, abbiamo la convinzione di aver raggiunto un buon grado di prestazioni, un altrettanto completo sistema di supporto alla clientela, avendo l&#8217;obiettivo di spingere le prestazioni della nostra rete, fino alle capacit\u00e0 offerte dalle attuali tecnologie in fibra ottica, conservando l&#8217;intera propriet\u00e0 dell&#8217;infrastruttura.<\/div>\n<div style=\"text-align:justify; margin-bottom:20px;\">\nIl futuro che verr\u00e0, \u00e8 costellato di obiettivi, che speriamo di raggiungere anche grazie alla fiducia dei nostri clienti.<\/div>","protected":false},"excerpt":{"rendered":"VIAMA srl \u00e8 un WISP. WISP \u00e8 l&#8217;acronimo di Wireless Internet Service Provider, ovvero un&#8217;azienda fornitrice di servizi di accesso alla rete Internet, che ha l&#8217;ambizione di realizzare una propria infrastruttura di comunicazione in tecnologia senza fili, Wireless appunto, mediante la quale permettere ai propri abbonati di svincolarsi dai vecchi cablaggi in rame, dalle centrali &#8230;","protected":false},"author":1,"featured_media":0,"parent":0,"menu_order":0,"comment_status":"closed","ping_status":"closed","template":"","meta":[],"_links":{"self":[{"href":"https:\/\/www.viama.it\/index.php?rest_route=\/wp\/v2\/pages\/118"}],"collection":[{"href":"https:\/\/www.viama.it\/index.php?rest_route=\/wp\/v2\/pages"}],"about":[{"href":"https:\/\/www.viama.it\/index.php?rest_route=\/wp\/v2\/types\/page"}],"author":[{"embeddable":true,"href":"https:\/\/www.viama.it\/index.php?rest_route=\/wp\/v2\/users\/1"}],"replies":[{"embeddable":true,"href":"https:\/\/www.viama.it\/index.php?rest_route=%2Fwp%2Fv2%2Fcomments&post=118"}],"version-history":[{"count":7,"href":"https:\/\/www.viama.it\/index.php?rest_route=\/wp\/v2\/pages\/118\/revisions"}],"predecessor-version":[{"id":286,"href":"https:\/\/www.viama.it\/index.php?rest_route=\/wp\/v2\/pages\/118\/revisions\/286"}],"wp:attachment":[{"href":"https:\/\/www.viama.it\/index.php?rest_route=%2Fwp%2Fv2%2Fmedia&parent=118"}],"curies":[{"name":"wp","href":"https:\/\/api.w.org\/{rel}","templated":true}]}}