{"id":130,"date":"2017-11-15T11:33:11","date_gmt":"2017-11-15T10:33:11","guid":{"rendered":"http:\/\/www.viama.it\/?page_id=130"},"modified":"2022-04-01T18:17:52","modified_gmt":"2022-04-01T16:17:52","slug":"copyright","status":"publish","type":"page","link":"https:\/\/www.viama.it\/?page_id=130","title":{"rendered":"Copyright"},"content":{"rendered":"La realizzazione di questo sito \u00e8 completamente stata eseguita personalmente dai tecnici VIAMA srl.\nLa grafica, i testi, i colori e qualsiasi altra informazione qui presente \u00e8 di propriet\u00e0 esclusiva della VIAMA srl.\nQualsiasi utilizzo improprio di qualsiasi contenuto da parte di terzi \u00e8 pertanto proibita.\nCopia parziale o totale dei contenuti del presente sito Web \u00e8 esplicitamente vietata, senza consenso esplicito della VIAMA srl.\nAnno 2019.","protected":false},"excerpt":{"rendered":"La realizzazione di questo sito \u00e8 completamente stata eseguita personalmente dai tecnici VIAMA srl. La grafica, i testi, i colori e qualsiasi altra informazione qui presente \u00e8 di propriet\u00e0 esclusiva della VIAMA srl. Qualsiasi utilizzo improprio di qualsiasi contenuto da parte di terzi \u00e8 pertanto proibita. Copia parziale o totale dei contenuti del presente sito &#8230;","protected":false},"author":1,"featured_media":0,"parent":0,"menu_order":0,"comment_status":"closed","ping_status":"closed","template":"","meta":[],"_links":{"self":[{"href":"https:\/\/www.viama.it\/index.php?rest_route=\/wp\/v2\/pages\/130"}],"collection":[{"href":"https:\/\/www.viama.it\/index.php?rest_route=\/wp\/v2\/pages"}],"about":[{"href":"https:\/\/www.viama.it\/index.php?rest_route=\/wp\/v2\/types\/page"}],"author":[{"embeddable":true,"href":"https:\/\/www.viama.it\/index.php?rest_route=\/wp\/v2\/users\/1"}],"replies":[{"embeddable":true,"href":"https:\/\/www.viama.it\/index.php?rest_route=%2Fwp%2Fv2%2Fcomments&post=130"}],"version-history":[{"count":2,"href":"https:\/\/www.viama.it\/index.php?rest_route=\/wp\/v2\/pages\/130\/revisions"}],"predecessor-version":[{"id":344,"href":"https:\/\/www.viama.it\/index.php?rest_route=\/wp\/v2\/pages\/130\/revisions\/344"}],"wp:attachment":[{"href":"https:\/\/www.viama.it\/index.php?rest_route=%2Fwp%2Fv2%2Fmedia&parent=130"}],"curies":[{"name":"wp","href":"https:\/\/api.w.org\/{rel}","templated":true}]}}