{"id":136,"date":"2017-11-15T11:34:06","date_gmt":"2017-11-15T10:34:06","guid":{"rendered":"http:\/\/www.viama.it\/?page_id=136"},"modified":"2022-04-01T18:14:41","modified_gmt":"2022-04-01T16:14:41","slug":"cookie-policy","status":"publish","type":"page","link":"https:\/\/www.viama.it\/?page_id=136","title":{"rendered":"Cookie Policy"},"content":{"rendered":"La politica di VIAMA srl riguardo ai cookie \u00e8 semplice: non li gestiamo e non vogliamo disturbare i nostri visitatori con richieste tipiche di altri siti web, perch\u00e9 non intendiamo tracciare i nostri utenti per proporre successivamente pubblicit\u00e0 assillanti. Pertanto il visitatore \u00e8 libero di navigare sul sito ovunque senza preoccupazioni di alcun tipo.","protected":false},"excerpt":{"rendered":"La politica di VIAMA srl riguardo ai cookie \u00e8 semplice: non li gestiamo e non vogliamo disturbare i nostri visitatori con richieste tipiche di altri siti web, perch\u00e9 non intendiamo tracciare i nostri utenti per proporre successivamente pubblicit\u00e0 assillanti. Pertanto il visitatore \u00e8 libero di navigare sul sito ovunque senza preoccupazioni di alcun tipo.","protected":false},"author":1,"featured_media":0,"parent":0,"menu_order":0,"comment_status":"closed","ping_status":"closed","template":"","meta":[],"_links":{"self":[{"href":"https:\/\/www.viama.it\/index.php?rest_route=\/wp\/v2\/pages\/136"}],"collection":[{"href":"https:\/\/www.viama.it\/index.php?rest_route=\/wp\/v2\/pages"}],"about":[{"href":"https:\/\/www.viama.it\/index.php?rest_route=\/wp\/v2\/types\/page"}],"author":[{"embeddable":true,"href":"https:\/\/www.viama.it\/index.php?rest_route=\/wp\/v2\/users\/1"}],"replies":[{"embeddable":true,"href":"https:\/\/www.viama.it\/index.php?rest_route=%2Fwp%2Fv2%2Fcomments&post=136"}],"version-history":[{"count":2,"href":"https:\/\/www.viama.it\/index.php?rest_route=\/wp\/v2\/pages\/136\/revisions"}],"predecessor-version":[{"id":341,"href":"https:\/\/www.viama.it\/index.php?rest_route=\/wp\/v2\/pages\/136\/revisions\/341"}],"wp:attachment":[{"href":"https:\/\/www.viama.it\/index.php?rest_route=%2Fwp%2Fv2%2Fmedia&parent=136"}],"curies":[{"name":"wp","href":"https:\/\/api.w.org\/{rel}","templated":true}]}}